{"id":3748,"date":"2018-06-11T06:32:06","date_gmt":"2018-06-11T08:32:06","guid":{"rendered":"http:\/\/www.marykas.lt\/girsas\/?post_type=product&#038;p=3748"},"modified":"2018-11-24T18:04:59","modified_gmt":"2018-11-24T20:04:59","slug":"kriaukles-sifonas-su-kamsciu-c5939","status":"publish","type":"product","link":"http:\/\/www.marykas.lt\/girsas\/produktas\/nicoll-buitine-santechnika\/voniu-kriaukliu-dalys\/kriaukles-plautuves\/kriaukles-sifonas-su-kamsciu-c5939\/","title":{"rendered":"Kriaukl\u0117s sifonas su kam\u0161\u010diu C5939"},"content":{"rendered":"<p>Universalus. Kintamo auk\u0161\u010dio sifonas su kam\u0161\u010diu. Lengvai atidaromas ir i\u0161valomas, i\u0161\u0117jimo diam 40. Yra vamzdelis ir rozet\u0117 pajungimui \u012f kanalizacij\u0105.<\/p>\n","protected":false},"excerpt":{"rendered":"<p>Universalus. Kintamo auk\u0161\u010dio sifonas su kam\u0161\u010diu. Lengvai atidaromas ir i\u0161valomas, i\u0161\u0117jimo diam 40. Yra vamzdelis ir rozet\u0117 pajungimui \u012f kanalizacij\u0105.<\/p>\n","protected":false},"featured_media":3747,"comment_status":"open","ping_status":"closed","template":"","meta":[],"_links":{"self":[{"href":"http:\/\/www.marykas.lt\/girsas\/wp-json\/wp\/v2\/product\/3748"}],"collection":[{"href":"http:\/\/www.marykas.lt\/girsas\/wp-json\/wp\/v2\/product"}],"about":[{"href":"http:\/\/www.marykas.lt\/girsas\/wp-json\/wp\/v2\/types\/product"}],"replies":[{"embeddable":true,"href":"http:\/\/www.marykas.lt\/girsas\/wp-json\/wp\/v2\/comments?post=3748"}],"wp:featuredmedia":[{"embeddable":true,"href":"http:\/\/www.marykas.lt\/girsas\/wp-json\/wp\/v2\/media\/3747"}],"wp:attachment":[{"href":"http:\/\/www.marykas.lt\/girsas\/wp-json\/wp\/v2\/media?parent=3748"}],"curies":[{"name":"wp","href":"https:\/\/api.w.org\/{rel}","templated":true}]}}