{"id":3746,"date":"2018-06-11T06:29:09","date_gmt":"2018-06-11T08:29:09","guid":{"rendered":"http:\/\/www.marykas.lt\/girsas\/?post_type=product&#038;p=3746"},"modified":"2018-11-24T18:05:13","modified_gmt":"2018-11-24T20:05:13","slug":"kriaukles-sifonas-su-vamzd-c5904","status":"publish","type":"product","link":"http:\/\/www.marykas.lt\/girsas\/produktas\/nicoll-buitine-santechnika\/voniu-kriaukliu-dalys\/kriaukles-plautuves\/kriaukles-sifonas-su-vamzd-c5904\/","title":{"rendered":"Kriaukl\u0117s sifonas su vamzd. C5904"},"content":{"rendered":"<p>Kriaukl\u0117s sifonas su vamzdeliu. Kintamo auk\u0161\u010dio. Lengvai atidaromas ir i\u0161valomas, i\u0161\u0117jimo diam.40<\/p>\n","protected":false},"excerpt":{"rendered":"<p>Kriaukl\u0117s sifonas su vamzdeliu. Kintamo auk\u0161\u010dio. Lengvai atidaromas ir i\u0161valomas, i\u0161\u0117jimo diam.40<\/p>\n","protected":false},"featured_media":3747,"comment_status":"open","ping_status":"closed","template":"","meta":[],"_links":{"self":[{"href":"http:\/\/www.marykas.lt\/girsas\/wp-json\/wp\/v2\/product\/3746"}],"collection":[{"href":"http:\/\/www.marykas.lt\/girsas\/wp-json\/wp\/v2\/product"}],"about":[{"href":"http:\/\/www.marykas.lt\/girsas\/wp-json\/wp\/v2\/types\/product"}],"replies":[{"embeddable":true,"href":"http:\/\/www.marykas.lt\/girsas\/wp-json\/wp\/v2\/comments?post=3746"}],"wp:featuredmedia":[{"embeddable":true,"href":"http:\/\/www.marykas.lt\/girsas\/wp-json\/wp\/v2\/media\/3747"}],"wp:attachment":[{"href":"http:\/\/www.marykas.lt\/girsas\/wp-json\/wp\/v2\/media?parent=3746"}],"curies":[{"name":"wp","href":"https:\/\/api.w.org\/{rel}","templated":true}]}}