{"id":3743,"date":"2018-06-11T06:26:53","date_gmt":"2018-06-11T08:26:53","guid":{"rendered":"http:\/\/www.marykas.lt\/girsas\/?post_type=product&#038;p=3743"},"modified":"2018-11-24T18:05:37","modified_gmt":"2018-11-24T20:05:37","slug":"kriaukles-sifonas-552","status":"publish","type":"product","link":"http:\/\/www.marykas.lt\/girsas\/produktas\/nicoll-buitine-santechnika\/voniu-kriaukliu-dalys\/kriaukles-plautuves\/kriaukles-sifonas-552\/","title":{"rendered":"Kriaukl\u0117s sifonas 552"},"content":{"rendered":"<p>Universalus. Kintamo auk\u0161\u010dio. Lengvai atidaromas ir i\u0161valomas, i\u0161\u0117jimo diam 40<\/p>\n","protected":false},"excerpt":{"rendered":"<p>Universalus. Kintamo auk\u0161\u010dio. Lengvai atidaromas ir i\u0161valomas, i\u0161\u0117jimo diam 40<\/p>\n","protected":false},"featured_media":3744,"comment_status":"open","ping_status":"closed","template":"","meta":[],"_links":{"self":[{"href":"http:\/\/www.marykas.lt\/girsas\/wp-json\/wp\/v2\/product\/3743"}],"collection":[{"href":"http:\/\/www.marykas.lt\/girsas\/wp-json\/wp\/v2\/product"}],"about":[{"href":"http:\/\/www.marykas.lt\/girsas\/wp-json\/wp\/v2\/types\/product"}],"replies":[{"embeddable":true,"href":"http:\/\/www.marykas.lt\/girsas\/wp-json\/wp\/v2\/comments?post=3743"}],"wp:featuredmedia":[{"embeddable":true,"href":"http:\/\/www.marykas.lt\/girsas\/wp-json\/wp\/v2\/media\/3744"}],"wp:attachment":[{"href":"http:\/\/www.marykas.lt\/girsas\/wp-json\/wp\/v2\/media?parent=3743"}],"curies":[{"name":"wp","href":"https:\/\/api.w.org\/{rel}","templated":true}]}}