{"id":3740,"date":"2018-06-11T06:21:19","date_gmt":"2018-06-11T08:21:19","guid":{"rendered":"http:\/\/www.marykas.lt\/girsas\/?post_type=product&#038;p=3740"},"modified":"2018-11-24T18:05:54","modified_gmt":"2018-11-24T20:05:54","slug":"kriaukles-sifonas-su-skalb-paj-553","status":"publish","type":"product","link":"http:\/\/www.marykas.lt\/girsas\/produktas\/nicoll-buitine-santechnika\/voniu-kriaukliu-dalys\/kriaukles-plautuves\/kriaukles-sifonas-su-skalb-paj-553\/","title":{"rendered":"Kriaukl\u0117s sifonas su skalb. paj. 553"},"content":{"rendered":"<p>Universalus. Su pajungimu skalbimo ma\u0161inai. Kintamo auk\u0161\u010dio.\u00a0 Lengvai atidaromas ir i\u0161valomas. I\u0161\u0117jimo diam 40.<\/p>\n","protected":false},"excerpt":{"rendered":"<p>Universalus. Su pajungimu skalbimo ma\u0161inai. Kintamo auk\u0161\u010dio.\u00a0 Lengvai atidaromas ir i\u0161valomas. I\u0161\u0117jimo diam 40.<\/p>\n","protected":false},"featured_media":3741,"comment_status":"open","ping_status":"closed","template":"","meta":[],"_links":{"self":[{"href":"http:\/\/www.marykas.lt\/girsas\/wp-json\/wp\/v2\/product\/3740"}],"collection":[{"href":"http:\/\/www.marykas.lt\/girsas\/wp-json\/wp\/v2\/product"}],"about":[{"href":"http:\/\/www.marykas.lt\/girsas\/wp-json\/wp\/v2\/types\/product"}],"replies":[{"embeddable":true,"href":"http:\/\/www.marykas.lt\/girsas\/wp-json\/wp\/v2\/comments?post=3740"}],"wp:featuredmedia":[{"embeddable":true,"href":"http:\/\/www.marykas.lt\/girsas\/wp-json\/wp\/v2\/media\/3741"}],"wp:attachment":[{"href":"http:\/\/www.marykas.lt\/girsas\/wp-json\/wp\/v2\/media?parent=3740"}],"curies":[{"name":"wp","href":"https:\/\/api.w.org\/{rel}","templated":true}]}}