{"id":3737,"date":"2018-06-11T06:17:22","date_gmt":"2018-06-11T08:17:22","guid":{"rendered":"http:\/\/www.marykas.lt\/girsas\/?post_type=product&#038;p=3737"},"modified":"2018-11-24T18:06:23","modified_gmt":"2018-11-24T20:06:23","slug":"praustuvo-sifonas-su-ilietom-tarpinem-bm21s","status":"publish","type":"product","link":"http:\/\/www.marykas.lt\/girsas\/produktas\/nicoll-buitine-santechnika\/voniu-kriaukliu-dalys\/praustuves-bides\/praustuvo-sifonas-su-ilietom-tarpinem-bm21s\/","title":{"rendered":"Praustuvo sifonas su \u012flietom tarpin\u0117m BM21S"},"content":{"rendered":"<p>Universalus praustuvo sifonas su\u00a0 \u012flietom tarpin\u0117m.Reguliuojamas auk\u0161tis.\u00a0 Lengvai i\u0161ardomas ir i\u0161valomas ,i\u0161\u0117jimas diam.32<\/p>\n","protected":false},"excerpt":{"rendered":"<p>Universalus praustuvo sifonas su\u00a0 \u012flietom tarpin\u0117m.Reguliuojamas auk\u0161tis.\u00a0 Lengvai i\u0161ardomas ir i\u0161valomas ,i\u0161\u0117jimas diam.32<\/p>\n","protected":false},"featured_media":3738,"comment_status":"open","ping_status":"closed","template":"","meta":[],"_links":{"self":[{"href":"http:\/\/www.marykas.lt\/girsas\/wp-json\/wp\/v2\/product\/3737"}],"collection":[{"href":"http:\/\/www.marykas.lt\/girsas\/wp-json\/wp\/v2\/product"}],"about":[{"href":"http:\/\/www.marykas.lt\/girsas\/wp-json\/wp\/v2\/types\/product"}],"replies":[{"embeddable":true,"href":"http:\/\/www.marykas.lt\/girsas\/wp-json\/wp\/v2\/comments?post=3737"}],"wp:featuredmedia":[{"embeddable":true,"href":"http:\/\/www.marykas.lt\/girsas\/wp-json\/wp\/v2\/media\/3738"}],"wp:attachment":[{"href":"http:\/\/www.marykas.lt\/girsas\/wp-json\/wp\/v2\/media?parent=3737"}],"curies":[{"name":"wp","href":"https:\/\/api.w.org\/{rel}","templated":true}]}}