{"id":3731,"date":"2018-06-11T06:13:57","date_gmt":"2018-06-11T08:13:57","guid":{"rendered":"http:\/\/www.marykas.lt\/girsas\/?post_type=product&#038;p=3731"},"modified":"2018-11-24T18:07:08","modified_gmt":"2018-11-24T20:07:08","slug":"praustuvo-sifonas-l442","status":"publish","type":"product","link":"http:\/\/www.marykas.lt\/girsas\/produktas\/nicoll-buitine-santechnika\/voniu-kriaukliu-dalys\/praustuves-bides\/praustuvo-sifonas-l442\/","title":{"rendered":"Praustuvo sifonas L442"},"content":{"rendered":"<p>Yra vamzdelis pajungimui \u012f kanalizacij\u0105 ir u\u017edengimo dangtelis. Ner\u016bdijan\u010dio plieno plok\u0161tel\u0117 diam.65mm Kam\u0161tis su ner\u016bdijan\u010dio plieno vir\u0161umi Reguliuojamo auk\u0161\u010dio .Lengvai atidaromas ir i\u0161valomas ,i\u0161\u0117jimas diam.32<\/p>\n","protected":false},"excerpt":{"rendered":"<p>Yra vamzdelis pajungimui \u012f kanalizacij\u0105 ir u\u017edengimo dangtelis. Ner\u016bdijan\u010dio plieno plok\u0161tel\u0117 diam.65mm Kam\u0161tis su ner\u016bdijan\u010dio plieno vir\u0161umi Reguliuojamo auk\u0161\u010dio .Lengvai atidaromas ir i\u0161valomas ,i\u0161\u0117jimas diam.32<\/p>\n","protected":false},"featured_media":3732,"comment_status":"open","ping_status":"closed","template":"","meta":[],"_links":{"self":[{"href":"http:\/\/www.marykas.lt\/girsas\/wp-json\/wp\/v2\/product\/3731"}],"collection":[{"href":"http:\/\/www.marykas.lt\/girsas\/wp-json\/wp\/v2\/product"}],"about":[{"href":"http:\/\/www.marykas.lt\/girsas\/wp-json\/wp\/v2\/types\/product"}],"replies":[{"embeddable":true,"href":"http:\/\/www.marykas.lt\/girsas\/wp-json\/wp\/v2\/comments?post=3731"}],"wp:featuredmedia":[{"embeddable":true,"href":"http:\/\/www.marykas.lt\/girsas\/wp-json\/wp\/v2\/media\/3732"}],"wp:attachment":[{"href":"http:\/\/www.marykas.lt\/girsas\/wp-json\/wp\/v2\/media?parent=3731"}],"curies":[{"name":"wp","href":"https:\/\/api.w.org\/{rel}","templated":true}]}}