{"id":3729,"date":"2018-06-11T06:12:46","date_gmt":"2018-06-11T08:12:46","guid":{"rendered":"http:\/\/www.marykas.lt\/girsas\/?post_type=product&#038;p=3729"},"modified":"2018-11-24T18:07:24","modified_gmt":"2018-11-24T20:07:24","slug":"lanksti-zarna-6001k","status":"publish","type":"product","link":"http:\/\/www.marykas.lt\/girsas\/produktas\/nicoll-buitine-santechnika\/voniu-kriaukliu-dalys\/praustuves-bides\/lanksti-zarna-6001k\/","title":{"rendered":"Lanksti \u017earna 6001K"},"content":{"rendered":"<p>Lanksti, gofruota \u017earna,90cm ilgio, diam 32, pajungimui \u012f kanalizacij\u0105.<\/p>\n","protected":false},"excerpt":{"rendered":"<p>Lanksti, gofruota \u017earna,90cm ilgio, diam 32, pajungimui \u012f kanalizacij\u0105.<\/p>\n","protected":false},"featured_media":3730,"comment_status":"open","ping_status":"closed","template":"","meta":[],"_links":{"self":[{"href":"http:\/\/www.marykas.lt\/girsas\/wp-json\/wp\/v2\/product\/3729"}],"collection":[{"href":"http:\/\/www.marykas.lt\/girsas\/wp-json\/wp\/v2\/product"}],"about":[{"href":"http:\/\/www.marykas.lt\/girsas\/wp-json\/wp\/v2\/types\/product"}],"replies":[{"embeddable":true,"href":"http:\/\/www.marykas.lt\/girsas\/wp-json\/wp\/v2\/comments?post=3729"}],"wp:featuredmedia":[{"embeddable":true,"href":"http:\/\/www.marykas.lt\/girsas\/wp-json\/wp\/v2\/media\/3730"}],"wp:attachment":[{"href":"http:\/\/www.marykas.lt\/girsas\/wp-json\/wp\/v2\/media?parent=3729"}],"curies":[{"name":"wp","href":"https:\/\/api.w.org\/{rel}","templated":true}]}}