{"id":3726,"date":"2018-06-11T06:11:41","date_gmt":"2018-06-11T08:11:41","guid":{"rendered":"http:\/\/www.marykas.lt\/girsas\/?post_type=product&#038;p=3726"},"modified":"2018-11-24T18:07:50","modified_gmt":"2018-11-24T20:07:50","slug":"lanksti-zarna-6001","status":"publish","type":"product","link":"http:\/\/www.marykas.lt\/girsas\/produktas\/nicoll-buitine-santechnika\/voniu-kriaukliu-dalys\/praustuves-bides\/lanksti-zarna-6001\/","title":{"rendered":"Lanksti \u017earna 6001"},"content":{"rendered":"<p style=\"text-align: left;\" align=\"center\"><span style=\"font-family: Trebuchet MS;\">Lanksti,gofruota \u017earna,90cm ilgio,diam.32,pajungimui \u012f kanalizacij\u0105.<\/span><\/p>\n","protected":false},"excerpt":{"rendered":"<p><span style=\"font-family: Trebuchet MS;\">Lanksti,gofruota \u017earna,90cm ilgio,diam.32,pajungimui \u012f kanalizacij\u0105.<\/span><\/p>\n","protected":false},"featured_media":3727,"comment_status":"open","ping_status":"closed","template":"","meta":[],"_links":{"self":[{"href":"http:\/\/www.marykas.lt\/girsas\/wp-json\/wp\/v2\/product\/3726"}],"collection":[{"href":"http:\/\/www.marykas.lt\/girsas\/wp-json\/wp\/v2\/product"}],"about":[{"href":"http:\/\/www.marykas.lt\/girsas\/wp-json\/wp\/v2\/types\/product"}],"replies":[{"embeddable":true,"href":"http:\/\/www.marykas.lt\/girsas\/wp-json\/wp\/v2\/comments?post=3726"}],"wp:featuredmedia":[{"embeddable":true,"href":"http:\/\/www.marykas.lt\/girsas\/wp-json\/wp\/v2\/media\/3727"}],"wp:attachment":[{"href":"http:\/\/www.marykas.lt\/girsas\/wp-json\/wp\/v2\/media?parent=3726"}],"curies":[{"name":"wp","href":"https:\/\/api.w.org\/{rel}","templated":true}]}}