{"id":3711,"date":"2018-06-11T06:00:42","date_gmt":"2018-06-11T08:00:42","guid":{"rendered":"http:\/\/www.marykas.lt\/girsas\/?post_type=product&#038;p=3711"},"modified":"2018-11-24T18:09:05","modified_gmt":"2018-11-24T20:09:05","slug":"chromuotas-dangtelis-l2264","status":"publish","type":"product","link":"http:\/\/www.marykas.lt\/girsas\/produktas\/nicoll-buitine-santechnika\/voniu-kriaukliu-dalys\/praustuves-bides\/chromuotas-dangtelis-l2264\/","title":{"rendered":"Chromuotas dangtelis L2264"},"content":{"rendered":"<p>Chromuotas sifono dangtelis.Pagamintas i\u0161 \u017ealvario,\u00a0 padengtas chromu.Dangtelis su grotel\u0117mis yra pastovus vandens i\u0161tek\u0117jimas.I\u0161\u0117jimas 1&#8243;1\/4 H=100mm.<\/p>\n","protected":false},"excerpt":{"rendered":"<p>Chromuotas sifono dangtelis.Pagamintas i\u0161 \u017ealvario,\u00a0 padengtas chromu.Dangtelis su grotel\u0117mis yra pastovus vandens i\u0161tek\u0117jimas.I\u0161\u0117jimas 1&#8243;1\/4 H=100mm.<\/p>\n","protected":false},"featured_media":3712,"comment_status":"open","ping_status":"closed","template":"","meta":[],"_links":{"self":[{"href":"http:\/\/www.marykas.lt\/girsas\/wp-json\/wp\/v2\/product\/3711"}],"collection":[{"href":"http:\/\/www.marykas.lt\/girsas\/wp-json\/wp\/v2\/product"}],"about":[{"href":"http:\/\/www.marykas.lt\/girsas\/wp-json\/wp\/v2\/types\/product"}],"replies":[{"embeddable":true,"href":"http:\/\/www.marykas.lt\/girsas\/wp-json\/wp\/v2\/comments?post=3711"}],"wp:featuredmedia":[{"embeddable":true,"href":"http:\/\/www.marykas.lt\/girsas\/wp-json\/wp\/v2\/media\/3712"}],"wp:attachment":[{"href":"http:\/\/www.marykas.lt\/girsas\/wp-json\/wp\/v2\/media?parent=3711"}],"curies":[{"name":"wp","href":"https:\/\/api.w.org\/{rel}","templated":true}]}}