{"id":3709,"date":"2018-06-11T05:58:54","date_gmt":"2018-06-11T07:58:54","guid":{"rendered":"http:\/\/www.marykas.lt\/girsas\/?post_type=product&#038;p=3709"},"modified":"2018-11-24T18:09:20","modified_gmt":"2018-11-24T20:09:20","slug":"sifono-kamstis-l260","status":"publish","type":"product","link":"http:\/\/www.marykas.lt\/girsas\/produktas\/nicoll-buitine-santechnika\/voniu-kriaukliu-dalys\/praustuves-bides\/sifono-kamstis-l260\/","title":{"rendered":"Sifono kam\u0161tis L260"},"content":{"rendered":"<p>Praustuvo kam\u0161tis. Tinka visiems praustuv\u0173 tipams. Plieno, akrilo, keramikos. Grotel\u0117s i\u0161 ner\u016bdijan\u010dio metalo ir ner\u016bdijan\u010dio metalo kam\u0161telis. I\u0161\u0117jimas 1 1\/4&#8243;.<\/p>\n","protected":false},"excerpt":{"rendered":"<p>Praustuvo kam\u0161tis. Tinka visiems praustuv\u0173 tipams. Plieno, akrilo, keramikos. Grotel\u0117s i\u0161 ner\u016bdijan\u010dio metalo ir ner\u016bdijan\u010dio metalo kam\u0161telis. I\u0161\u0117jimas 1 1\/4&#8243;.<\/p>\n","protected":false},"featured_media":3710,"comment_status":"open","ping_status":"closed","template":"","meta":[],"_links":{"self":[{"href":"http:\/\/www.marykas.lt\/girsas\/wp-json\/wp\/v2\/product\/3709"}],"collection":[{"href":"http:\/\/www.marykas.lt\/girsas\/wp-json\/wp\/v2\/product"}],"about":[{"href":"http:\/\/www.marykas.lt\/girsas\/wp-json\/wp\/v2\/types\/product"}],"replies":[{"embeddable":true,"href":"http:\/\/www.marykas.lt\/girsas\/wp-json\/wp\/v2\/comments?post=3709"}],"wp:featuredmedia":[{"embeddable":true,"href":"http:\/\/www.marykas.lt\/girsas\/wp-json\/wp\/v2\/media\/3710"}],"wp:attachment":[{"href":"http:\/\/www.marykas.lt\/girsas\/wp-json\/wp\/v2\/media?parent=3709"}],"curies":[{"name":"wp","href":"https:\/\/api.w.org\/{rel}","templated":true}]}}