{"id":3707,"date":"2018-06-11T05:57:38","date_gmt":"2018-06-11T07:57:38","guid":{"rendered":"http:\/\/www.marykas.lt\/girsas\/?post_type=product&#038;p=3707"},"modified":"2018-11-24T18:09:53","modified_gmt":"2018-11-24T20:09:53","slug":"chromuotas-sifono-dangtelis-l3221","status":"publish","type":"product","link":"http:\/\/www.marykas.lt\/girsas\/produktas\/nicoll-buitine-santechnika\/voniu-kriaukliu-dalys\/praustuves-bides\/chromuotas-sifono-dangtelis-l3221\/","title":{"rendered":"Chromuotas sifono dangtelis L3221"},"content":{"rendered":"<p>Praustuvo sifono, cilindro formos, kvadratinis dangtelis. \u017dalvarinis padengtas chromu. Tinka praustuvui ir tualeto kriauklei. U\u017esidaro paspaudus kam\u0161tel\u012f. I\u0161\u0117jimas1 1\/4&#8243;.<\/p>\n","protected":false},"excerpt":{"rendered":"<p>Praustuvo sifono, cilindro formos, kvadratinis dangtelis. \u017dalvarinis padengtas chromu. Tinka praustuvui ir tualeto kriauklei. U\u017esidaro paspaudus kam\u0161tel\u012f. I\u0161\u0117jimas1 1\/4&#8243;.<\/p>\n","protected":false},"featured_media":3708,"comment_status":"open","ping_status":"closed","template":"","meta":[],"_links":{"self":[{"href":"http:\/\/www.marykas.lt\/girsas\/wp-json\/wp\/v2\/product\/3707"}],"collection":[{"href":"http:\/\/www.marykas.lt\/girsas\/wp-json\/wp\/v2\/product"}],"about":[{"href":"http:\/\/www.marykas.lt\/girsas\/wp-json\/wp\/v2\/types\/product"}],"replies":[{"embeddable":true,"href":"http:\/\/www.marykas.lt\/girsas\/wp-json\/wp\/v2\/comments?post=3707"}],"wp:featuredmedia":[{"embeddable":true,"href":"http:\/\/www.marykas.lt\/girsas\/wp-json\/wp\/v2\/media\/3708"}],"wp:attachment":[{"href":"http:\/\/www.marykas.lt\/girsas\/wp-json\/wp\/v2\/media?parent=3707"}],"curies":[{"name":"wp","href":"https:\/\/api.w.org\/{rel}","templated":true}]}}