{"id":3705,"date":"2018-06-11T05:55:51","date_gmt":"2018-06-11T07:55:51","guid":{"rendered":"http:\/\/www.marykas.lt\/girsas\/?post_type=product&#038;p=3705"},"modified":"2018-11-24T18:10:24","modified_gmt":"2018-11-24T20:10:24","slug":"chromuotas-sifono-dangtelis-l3220","status":"publish","type":"product","link":"http:\/\/www.marykas.lt\/girsas\/produktas\/nicoll-buitine-santechnika\/voniu-kriaukliu-dalys\/praustuves-bides\/chromuotas-sifono-dangtelis-l3220\/","title":{"rendered":"Chromuotas sifono dangtelis L3220"},"content":{"rendered":"<p><span style=\"font-family: Trebuchet MS;\">Cilindro formos, kvadratinis\u00a0<\/span><span style=\"font-family: Trebuchet MS;\">praustuvo sifono, dangtelis. \u017dalvarinis, padengtas chromu. Tinka praustuvui ir tualeto kriauklei. U\u017esidaro paspaudus kam\u0161tel\u012f. I\u0161\u0117jimas 1 1\/4&#8243;.<\/span><\/p>\n","protected":false},"excerpt":{"rendered":"<p><span style=\"font-family: Trebuchet MS;\">Cilindro formos, kvadratinis\u00a0<\/span><span style=\"font-family: Trebuchet MS;\">praustuvo sifono, dangtelis. \u017dalvarinis, padengtas chromu. Tinka praustuvui ir tualeto kriauklei. U\u017esidaro paspaudus kam\u0161tel\u012f. I\u0161\u0117jimas 1 1\/4&#8243;.<\/span><\/p>\n","protected":false},"featured_media":3706,"comment_status":"open","ping_status":"closed","template":"","meta":[],"_links":{"self":[{"href":"http:\/\/www.marykas.lt\/girsas\/wp-json\/wp\/v2\/product\/3705"}],"collection":[{"href":"http:\/\/www.marykas.lt\/girsas\/wp-json\/wp\/v2\/product"}],"about":[{"href":"http:\/\/www.marykas.lt\/girsas\/wp-json\/wp\/v2\/types\/product"}],"replies":[{"embeddable":true,"href":"http:\/\/www.marykas.lt\/girsas\/wp-json\/wp\/v2\/comments?post=3705"}],"wp:featuredmedia":[{"embeddable":true,"href":"http:\/\/www.marykas.lt\/girsas\/wp-json\/wp\/v2\/media\/3706"}],"wp:attachment":[{"href":"http:\/\/www.marykas.lt\/girsas\/wp-json\/wp\/v2\/media?parent=3705"}],"curies":[{"name":"wp","href":"https:\/\/api.w.org\/{rel}","templated":true}]}}