{"id":3703,"date":"2018-06-11T05:54:48","date_gmt":"2018-06-11T07:54:48","guid":{"rendered":"http:\/\/www.marykas.lt\/girsas\/?post_type=product&#038;p=3703"},"modified":"2018-11-24T18:11:23","modified_gmt":"2018-11-24T20:11:23","slug":"chromuotas-sifono-dangtelis-l3219","status":"publish","type":"product","link":"http:\/\/www.marykas.lt\/girsas\/produktas\/nicoll-buitine-santechnika\/voniu-kriaukliu-dalys\/praustuves-bides\/chromuotas-sifono-dangtelis-l3219\/","title":{"rendered":"Chromuotas sifono dangtelis L3219"},"content":{"rendered":"<p><span style=\"font-family: Trebuchet MS;\">Cilindro formos apvalus<\/span><span style=\"font-family: Trebuchet MS;\">\u00a0praustuvo sifono dangtelis. \u017dalvarinis, padengtas chromu. Tinka vis\u0173 tip\u0173 kriaukl\u0117ms. U\u017esidaro paspaudus kam\u0161tel\u012f. I\u0161\u0117jimas 1 1\/4&#8243;.<\/span><\/p>\n","protected":false},"excerpt":{"rendered":"<p><span style=\"font-family: Trebuchet MS;\">Cilindro formos apvalus<\/span><span style=\"font-family: Trebuchet MS;\">\u00a0praustuvo sifono dangtelis. \u017dalvarinis, padengtas chromu. Tinka vis\u0173 tip\u0173 kriaukl\u0117ms. U\u017esidaro paspaudus kam\u0161tel\u012f. I\u0161\u0117jimas 1 1\/4&#8243;.<\/span><\/p>\n","protected":false},"featured_media":3704,"comment_status":"open","ping_status":"closed","template":"","meta":[],"_links":{"self":[{"href":"http:\/\/www.marykas.lt\/girsas\/wp-json\/wp\/v2\/product\/3703"}],"collection":[{"href":"http:\/\/www.marykas.lt\/girsas\/wp-json\/wp\/v2\/product"}],"about":[{"href":"http:\/\/www.marykas.lt\/girsas\/wp-json\/wp\/v2\/types\/product"}],"replies":[{"embeddable":true,"href":"http:\/\/www.marykas.lt\/girsas\/wp-json\/wp\/v2\/comments?post=3703"}],"wp:featuredmedia":[{"embeddable":true,"href":"http:\/\/www.marykas.lt\/girsas\/wp-json\/wp\/v2\/media\/3704"}],"wp:attachment":[{"href":"http:\/\/www.marykas.lt\/girsas\/wp-json\/wp\/v2\/media?parent=3703"}],"curies":[{"name":"wp","href":"https:\/\/api.w.org\/{rel}","templated":true}]}}