{"id":3695,"date":"2018-06-11T05:50:13","date_gmt":"2018-06-11T07:50:13","guid":{"rendered":"http:\/\/www.marykas.lt\/girsas\/?post_type=product&#038;p=3695"},"modified":"2018-11-24T18:12:20","modified_gmt":"2018-11-24T20:12:20","slug":"chromuotas-sifonas-l3570","status":"publish","type":"product","link":"http:\/\/www.marykas.lt\/girsas\/produktas\/nicoll-buitine-santechnika\/voniu-kriaukliu-dalys\/praustuves-bides\/chromuotas-sifonas-l3570\/","title":{"rendered":"Chromuotas sifonas L3570"},"content":{"rendered":"<p>Chromuotas praustuvo sifonas. Reguliuojamas auk\u0161tis. I\u0161\u0117jimo diam 32mm.<\/p>\n","protected":false},"excerpt":{"rendered":"<p>Chromuotas praustuvo sifonas. Reguliuojamas auk\u0161tis. I\u0161\u0117jimo diam 32mm.<\/p>\n","protected":false},"featured_media":3696,"comment_status":"open","ping_status":"closed","template":"","meta":[],"_links":{"self":[{"href":"http:\/\/www.marykas.lt\/girsas\/wp-json\/wp\/v2\/product\/3695"}],"collection":[{"href":"http:\/\/www.marykas.lt\/girsas\/wp-json\/wp\/v2\/product"}],"about":[{"href":"http:\/\/www.marykas.lt\/girsas\/wp-json\/wp\/v2\/types\/product"}],"replies":[{"embeddable":true,"href":"http:\/\/www.marykas.lt\/girsas\/wp-json\/wp\/v2\/comments?post=3695"}],"wp:featuredmedia":[{"embeddable":true,"href":"http:\/\/www.marykas.lt\/girsas\/wp-json\/wp\/v2\/media\/3696"}],"wp:attachment":[{"href":"http:\/\/www.marykas.lt\/girsas\/wp-json\/wp\/v2\/media?parent=3695"}],"curies":[{"name":"wp","href":"https:\/\/api.w.org\/{rel}","templated":true}]}}