{"id":3689,"date":"2018-06-11T05:47:32","date_gmt":"2018-06-11T07:47:32","guid":{"rendered":"http:\/\/www.marykas.lt\/girsas\/?post_type=product&#038;p=3689"},"modified":"2018-11-24T18:12:59","modified_gmt":"2018-11-24T20:12:59","slug":"chromuotas-sifonas-l3540","status":"publish","type":"product","link":"http:\/\/www.marykas.lt\/girsas\/produktas\/nicoll-buitine-santechnika\/voniu-kriaukliu-dalys\/praustuves-bides\/chromuotas-sifonas-l3540\/","title":{"rendered":"Chromuotas sifonas L3540"},"content":{"rendered":"<p>Chromuotas praustuvo sifonas.Reguliuojamas auk\u0161tis.I\u0161\u0117jimas diam.32mm.<\/p>\n","protected":false},"excerpt":{"rendered":"<p>Chromuotas praustuvo sifonas.Reguliuojamas auk\u0161tis.I\u0161\u0117jimas diam.32mm.<\/p>\n","protected":false},"featured_media":3690,"comment_status":"open","ping_status":"closed","template":"","meta":[],"_links":{"self":[{"href":"http:\/\/www.marykas.lt\/girsas\/wp-json\/wp\/v2\/product\/3689"}],"collection":[{"href":"http:\/\/www.marykas.lt\/girsas\/wp-json\/wp\/v2\/product"}],"about":[{"href":"http:\/\/www.marykas.lt\/girsas\/wp-json\/wp\/v2\/types\/product"}],"replies":[{"embeddable":true,"href":"http:\/\/www.marykas.lt\/girsas\/wp-json\/wp\/v2\/comments?post=3689"}],"wp:featuredmedia":[{"embeddable":true,"href":"http:\/\/www.marykas.lt\/girsas\/wp-json\/wp\/v2\/media\/3690"}],"wp:attachment":[{"href":"http:\/\/www.marykas.lt\/girsas\/wp-json\/wp\/v2\/media?parent=3689"}],"curies":[{"name":"wp","href":"https:\/\/api.w.org\/{rel}","templated":true}]}}