{"id":3680,"date":"2018-06-11T05:42:30","date_gmt":"2018-06-11T07:42:30","guid":{"rendered":"http:\/\/www.marykas.lt\/girsas\/?post_type=product&#038;p=3680"},"modified":"2018-11-24T18:14:05","modified_gmt":"2018-11-24T20:14:05","slug":"chromuotas-sifonas-l3510","status":"publish","type":"product","link":"http:\/\/www.marykas.lt\/girsas\/produktas\/nicoll-buitine-santechnika\/voniu-kriaukliu-dalys\/praustuves-bides\/chromuotas-sifonas-l3510\/","title":{"rendered":"Chromuotas sifonas L3510"},"content":{"rendered":"<p>Chromuotas praustuvo sifonas. Reguliuojamas auk\u0161tis.I\u0161\u0117jimas diam.32mm.<\/p>\n","protected":false},"excerpt":{"rendered":"<p>Chromuotas praustuvo sifonas. Reguliuojamas auk\u0161tis.I\u0161\u0117jimas diam.32mm.<\/p>\n","protected":false},"featured_media":3681,"comment_status":"open","ping_status":"closed","template":"","meta":[],"_links":{"self":[{"href":"http:\/\/www.marykas.lt\/girsas\/wp-json\/wp\/v2\/product\/3680"}],"collection":[{"href":"http:\/\/www.marykas.lt\/girsas\/wp-json\/wp\/v2\/product"}],"about":[{"href":"http:\/\/www.marykas.lt\/girsas\/wp-json\/wp\/v2\/types\/product"}],"replies":[{"embeddable":true,"href":"http:\/\/www.marykas.lt\/girsas\/wp-json\/wp\/v2\/comments?post=3680"}],"wp:featuredmedia":[{"embeddable":true,"href":"http:\/\/www.marykas.lt\/girsas\/wp-json\/wp\/v2\/media\/3681"}],"wp:attachment":[{"href":"http:\/\/www.marykas.lt\/girsas\/wp-json\/wp\/v2\/media?parent=3680"}],"curies":[{"name":"wp","href":"https:\/\/api.w.org\/{rel}","templated":true}]}}