{"id":3678,"date":"2018-06-11T05:40:43","date_gmt":"2018-06-11T07:40:43","guid":{"rendered":"http:\/\/www.marykas.lt\/girsas\/?post_type=product&#038;p=3678"},"modified":"2018-11-24T18:14:21","modified_gmt":"2018-11-24T20:14:21","slug":"p-chromuotas-sifonas-l3450","status":"publish","type":"product","link":"http:\/\/www.marykas.lt\/girsas\/produktas\/nicoll-buitine-santechnika\/voniu-kriaukliu-dalys\/praustuves-bides\/p-chromuotas-sifonas-l3450\/","title":{"rendered":"\u201eP\u201c chromuotas sifonas L3450"},"content":{"rendered":"<p>\u201eP\u201cformos chromuotas sifonas .Reguliuojamas auk\u0161tis .Lengvai i\u0161ardomas ir i\u0161valomas .Pajungimas \u012f sien\u0105 kartu su sienos dangteliu .I\u0161\u0117jimas diam.32 mm<\/p>\n","protected":false},"excerpt":{"rendered":"<p>\u201eP\u201cformos chromuotas sifonas .Reguliuojamas auk\u0161tis .Lengvai i\u0161ardomas ir i\u0161valomas .Pajungimas \u012f sien\u0105 kartu su sienos dangteliu .I\u0161\u0117jimas diam.32 mm<\/p>\n","protected":false},"featured_media":3679,"comment_status":"open","ping_status":"closed","template":"","meta":[],"_links":{"self":[{"href":"http:\/\/www.marykas.lt\/girsas\/wp-json\/wp\/v2\/product\/3678"}],"collection":[{"href":"http:\/\/www.marykas.lt\/girsas\/wp-json\/wp\/v2\/product"}],"about":[{"href":"http:\/\/www.marykas.lt\/girsas\/wp-json\/wp\/v2\/types\/product"}],"replies":[{"embeddable":true,"href":"http:\/\/www.marykas.lt\/girsas\/wp-json\/wp\/v2\/comments?post=3678"}],"wp:featuredmedia":[{"embeddable":true,"href":"http:\/\/www.marykas.lt\/girsas\/wp-json\/wp\/v2\/media\/3679"}],"wp:attachment":[{"href":"http:\/\/www.marykas.lt\/girsas\/wp-json\/wp\/v2\/media?parent=3678"}],"curies":[{"name":"wp","href":"https:\/\/api.w.org\/{rel}","templated":true}]}}