{"id":3675,"date":"2018-06-11T05:38:25","date_gmt":"2018-06-11T07:38:25","guid":{"rendered":"http:\/\/www.marykas.lt\/girsas\/?post_type=product&#038;p=3675"},"modified":"2018-11-24T18:14:46","modified_gmt":"2018-11-24T20:14:46","slug":"chromuotas-sifonas-l311","status":"publish","type":"product","link":"http:\/\/www.marykas.lt\/girsas\/produktas\/nicoll-buitine-santechnika\/voniu-kriaukliu-dalys\/praustuves-bides\/chromuotas-sifonas-l311\/","title":{"rendered":"Chromuotas sifonas L311"},"content":{"rendered":"<p>Praustuvo sifonas padengtas chromu. Reguliuojamas auk\u0161tis. Lengvai i\u0161ardomas ir i\u0161valomas,i\u0161\u0117jimo diam 32. Yra vamzdelis pajungimui \u012f kanalizacij\u0105 ir u\u017edengimo rozet\u0117.<\/p>\n","protected":false},"excerpt":{"rendered":"<p>Praustuvo sifonas padengtas chromu. Reguliuojamas auk\u0161tis. Lengvai i\u0161ardomas ir i\u0161valomas,i\u0161\u0117jimo diam 32. Yra vamzdelis pajungimui \u012f kanalizacij\u0105 ir u\u017edengimo rozet\u0117.<\/p>\n","protected":false},"featured_media":3676,"comment_status":"open","ping_status":"closed","template":"","meta":[],"_links":{"self":[{"href":"http:\/\/www.marykas.lt\/girsas\/wp-json\/wp\/v2\/product\/3675"}],"collection":[{"href":"http:\/\/www.marykas.lt\/girsas\/wp-json\/wp\/v2\/product"}],"about":[{"href":"http:\/\/www.marykas.lt\/girsas\/wp-json\/wp\/v2\/types\/product"}],"replies":[{"embeddable":true,"href":"http:\/\/www.marykas.lt\/girsas\/wp-json\/wp\/v2\/comments?post=3675"}],"wp:featuredmedia":[{"embeddable":true,"href":"http:\/\/www.marykas.lt\/girsas\/wp-json\/wp\/v2\/media\/3676"}],"wp:attachment":[{"href":"http:\/\/www.marykas.lt\/girsas\/wp-json\/wp\/v2\/media?parent=3675"}],"curies":[{"name":"wp","href":"https:\/\/api.w.org\/{rel}","templated":true}]}}