{"id":3673,"date":"2018-06-11T05:37:03","date_gmt":"2018-06-11T07:37:03","guid":{"rendered":"http:\/\/www.marykas.lt\/girsas\/?post_type=product&#038;p=3673"},"modified":"2018-11-24T18:15:03","modified_gmt":"2018-11-24T20:15:03","slug":"praustuvo-sifonas-su-skalb-m-paj-l219","status":"publish","type":"product","link":"http:\/\/www.marykas.lt\/girsas\/produktas\/nicoll-buitine-santechnika\/voniu-kriaukliu-dalys\/praustuves-bides\/praustuvo-sifonas-su-skalb-m-paj-l219\/","title":{"rendered":"Praustuvo sifonas su skalb. m. paj. L219"},"content":{"rendered":"<p>Praustuvo sifonas su pajungimu skalbimo ma\u0161inai, diam 32 pajungimui \u012f kanalizacij\u0105.<\/p>\n","protected":false},"excerpt":{"rendered":"<p>Praustuvo sifonas su pajungimu skalbimo ma\u0161inai, diam 32 pajungimui \u012f kanalizacij\u0105.<\/p>\n","protected":false},"featured_media":3674,"comment_status":"open","ping_status":"closed","template":"","meta":[],"_links":{"self":[{"href":"http:\/\/www.marykas.lt\/girsas\/wp-json\/wp\/v2\/product\/3673"}],"collection":[{"href":"http:\/\/www.marykas.lt\/girsas\/wp-json\/wp\/v2\/product"}],"about":[{"href":"http:\/\/www.marykas.lt\/girsas\/wp-json\/wp\/v2\/types\/product"}],"replies":[{"embeddable":true,"href":"http:\/\/www.marykas.lt\/girsas\/wp-json\/wp\/v2\/comments?post=3673"}],"wp:featuredmedia":[{"embeddable":true,"href":"http:\/\/www.marykas.lt\/girsas\/wp-json\/wp\/v2\/media\/3674"}],"wp:attachment":[{"href":"http:\/\/www.marykas.lt\/girsas\/wp-json\/wp\/v2\/media?parent=3673"}],"curies":[{"name":"wp","href":"https:\/\/api.w.org\/{rel}","templated":true}]}}