{"id":3670,"date":"2018-06-11T05:35:39","date_gmt":"2018-06-11T07:35:39","guid":{"rendered":"http:\/\/www.marykas.lt\/girsas\/?post_type=product&#038;p=3670"},"modified":"2018-11-24T18:15:31","modified_gmt":"2018-11-24T20:15:31","slug":"chromuotas-sifonas-c2916","status":"publish","type":"product","link":"http:\/\/www.marykas.lt\/girsas\/produktas\/nicoll-buitine-santechnika\/voniu-kriaukliu-dalys\/praustuves-bides\/chromuotas-sifonas-c2916\/","title":{"rendered":"Chromuotas sifonas C2916"},"content":{"rendered":"<p>Bronzinis sifonas su metaliniu vamzdeliu ir u\u017edengimu.Reguliuojamo auk\u0161\u010dio. Lengvai i\u0161ardomas ir i\u0161valomas diam.32<\/p>\n","protected":false},"excerpt":{"rendered":"<p>Bronzinis sifonas su metaliniu vamzdeliu ir u\u017edengimu.Reguliuojamo auk\u0161\u010dio. Lengvai i\u0161ardomas ir i\u0161valomas diam.32<\/p>\n","protected":false},"featured_media":3671,"comment_status":"open","ping_status":"closed","template":"","meta":[],"_links":{"self":[{"href":"http:\/\/www.marykas.lt\/girsas\/wp-json\/wp\/v2\/product\/3670"}],"collection":[{"href":"http:\/\/www.marykas.lt\/girsas\/wp-json\/wp\/v2\/product"}],"about":[{"href":"http:\/\/www.marykas.lt\/girsas\/wp-json\/wp\/v2\/types\/product"}],"replies":[{"embeddable":true,"href":"http:\/\/www.marykas.lt\/girsas\/wp-json\/wp\/v2\/comments?post=3670"}],"wp:featuredmedia":[{"embeddable":true,"href":"http:\/\/www.marykas.lt\/girsas\/wp-json\/wp\/v2\/media\/3671"}],"wp:attachment":[{"href":"http:\/\/www.marykas.lt\/girsas\/wp-json\/wp\/v2\/media?parent=3670"}],"curies":[{"name":"wp","href":"https:\/\/api.w.org\/{rel}","templated":true}]}}