{"id":3664,"date":"2018-06-11T05:31:57","date_gmt":"2018-06-11T07:31:57","guid":{"rendered":"http:\/\/www.marykas.lt\/girsas\/?post_type=product&#038;p=3664"},"modified":"2018-11-24T18:16:00","modified_gmt":"2018-11-24T20:16:00","slug":"chromuotas-sifonas-c2910","status":"publish","type":"product","link":"http:\/\/www.marykas.lt\/girsas\/produktas\/nicoll-buitine-santechnika\/voniu-kriaukliu-dalys\/praustuves-bides\/chromuotas-sifonas-c2910\/","title":{"rendered":"Chromuotas sifonas C2910"},"content":{"rendered":"<p>Sifonas chromuotas. Kei\u010diamo auk\u0161\u010dio. Vamzdelis \u012f kanalizacij\u0105 sienoje diam.32-ilgis 190mm. Sienos dangtelio diam.65mm<\/p>\n","protected":false},"excerpt":{"rendered":"<p>Sifonas chromuotas. Kei\u010diamo auk\u0161\u010dio. Vamzdelis \u012f kanalizacij\u0105 sienoje diam.32-ilgis 190mm. Sienos dangtelio diam.65mm<\/p>\n","protected":false},"featured_media":3666,"comment_status":"open","ping_status":"closed","template":"","meta":[],"_links":{"self":[{"href":"http:\/\/www.marykas.lt\/girsas\/wp-json\/wp\/v2\/product\/3664"}],"collection":[{"href":"http:\/\/www.marykas.lt\/girsas\/wp-json\/wp\/v2\/product"}],"about":[{"href":"http:\/\/www.marykas.lt\/girsas\/wp-json\/wp\/v2\/types\/product"}],"replies":[{"embeddable":true,"href":"http:\/\/www.marykas.lt\/girsas\/wp-json\/wp\/v2\/comments?post=3664"}],"wp:featuredmedia":[{"embeddable":true,"href":"http:\/\/www.marykas.lt\/girsas\/wp-json\/wp\/v2\/media\/3666"}],"wp:attachment":[{"href":"http:\/\/www.marykas.lt\/girsas\/wp-json\/wp\/v2\/media?parent=3664"}],"curies":[{"name":"wp","href":"https:\/\/api.w.org\/{rel}","templated":true}]}}