{"id":3662,"date":"2018-06-11T05:30:07","date_gmt":"2018-06-11T07:30:07","guid":{"rendered":"http:\/\/www.marykas.lt\/girsas\/?post_type=product&#038;p=3662"},"modified":"2018-11-24T18:16:48","modified_gmt":"2018-11-24T20:16:48","slug":"sifono-alkune-l268","status":"publish","type":"product","link":"http:\/\/www.marykas.lt\/girsas\/produktas\/nicoll-buitine-santechnika\/voniu-kriaukliu-dalys\/praustuves-bides\/sifono-alkune-l268\/","title":{"rendered":"Sifono alk\u016bn\u0117 L268"},"content":{"rendered":"<p>Lengvai montuojama. Kei\u010diamo ilgio. Naudojama norint\u00a0 sutaupyti vietos po kriaukle .Yra pajungimas skalbimo ma\u0161inai<\/p>\n","protected":false},"excerpt":{"rendered":"<p>Lengvai montuojama. Kei\u010diamo ilgio. Naudojama norint\u00a0 sutaupyti vietos po kriaukle .Yra pajungimas skalbimo ma\u0161inai<\/p>\n","protected":false},"featured_media":3663,"comment_status":"open","ping_status":"closed","template":"","meta":[],"_links":{"self":[{"href":"http:\/\/www.marykas.lt\/girsas\/wp-json\/wp\/v2\/product\/3662"}],"collection":[{"href":"http:\/\/www.marykas.lt\/girsas\/wp-json\/wp\/v2\/product"}],"about":[{"href":"http:\/\/www.marykas.lt\/girsas\/wp-json\/wp\/v2\/types\/product"}],"replies":[{"embeddable":true,"href":"http:\/\/www.marykas.lt\/girsas\/wp-json\/wp\/v2\/comments?post=3662"}],"wp:featuredmedia":[{"embeddable":true,"href":"http:\/\/www.marykas.lt\/girsas\/wp-json\/wp\/v2\/media\/3663"}],"wp:attachment":[{"href":"http:\/\/www.marykas.lt\/girsas\/wp-json\/wp\/v2\/media?parent=3662"}],"curies":[{"name":"wp","href":"https:\/\/api.w.org\/{rel}","templated":true}]}}