{"id":3655,"date":"2018-06-11T05:24:30","date_gmt":"2018-06-11T07:24:30","guid":{"rendered":"http:\/\/www.marykas.lt\/girsas\/?post_type=product&#038;p=3655"},"modified":"2018-11-24T18:17:48","modified_gmt":"2018-11-24T20:17:48","slug":"praustuvo-sifonas-su-kamsciu-cl217","status":"publish","type":"product","link":"http:\/\/www.marykas.lt\/girsas\/produktas\/nicoll-buitine-santechnika\/voniu-kriaukliu-dalys\/praustuves-bides\/praustuvo-sifonas-su-kamsciu-cl217\/","title":{"rendered":"Praustuvo sifonas su kam\u0161\u010diu CL217"},"content":{"rendered":"<p>Ner\u016bdijan\u010dio plieno plok\u0161tel\u0117 diam 65mm. Kam\u0161tis su ner\u016bdijan\u010dio plieno vir\u0161umi. Reguliuojamo auk\u0161\u010dio. Lengvai atidaromas ir i\u0161valomas, i\u0161\u0117jimo diam 32<\/p>\n","protected":false},"excerpt":{"rendered":"<p>Ner\u016bdijan\u010dio plieno plok\u0161tel\u0117 diam 65mm. Kam\u0161tis su ner\u016bdijan\u010dio plieno vir\u0161umi. Reguliuojamo auk\u0161\u010dio. Lengvai atidaromas ir i\u0161valomas, i\u0161\u0117jimo diam 32<\/p>\n","protected":false},"featured_media":3656,"comment_status":"open","ping_status":"closed","template":"","meta":[],"_links":{"self":[{"href":"http:\/\/www.marykas.lt\/girsas\/wp-json\/wp\/v2\/product\/3655"}],"collection":[{"href":"http:\/\/www.marykas.lt\/girsas\/wp-json\/wp\/v2\/product"}],"about":[{"href":"http:\/\/www.marykas.lt\/girsas\/wp-json\/wp\/v2\/types\/product"}],"replies":[{"embeddable":true,"href":"http:\/\/www.marykas.lt\/girsas\/wp-json\/wp\/v2\/comments?post=3655"}],"wp:featuredmedia":[{"embeddable":true,"href":"http:\/\/www.marykas.lt\/girsas\/wp-json\/wp\/v2\/media\/3656"}],"wp:attachment":[{"href":"http:\/\/www.marykas.lt\/girsas\/wp-json\/wp\/v2\/media?parent=3655"}],"curies":[{"name":"wp","href":"https:\/\/api.w.org\/{rel}","templated":true}]}}