{"id":3654,"date":"2018-06-11T05:23:23","date_gmt":"2018-06-11T07:23:23","guid":{"rendered":"http:\/\/www.marykas.lt\/girsas\/?post_type=product&#038;p=3654"},"modified":"2018-11-24T18:18:13","modified_gmt":"2018-11-24T20:18:13","slug":"bide-sifonas-d40-su-vamzd-l251","status":"publish","type":"product","link":"http:\/\/www.marykas.lt\/girsas\/produktas\/nicoll-buitine-santechnika\/voniu-kriaukliu-dalys\/praustuves-bides\/bide-sifonas-d40-su-vamzd-l251\/","title":{"rendered":"Bid\u0117 sifonas D40 su vamzd. L251"},"content":{"rendered":"<p>Ner\u016bdijan\u010dio plieno plok\u0161tel\u0117 diam 65mm. Kam\u0161tis su ner\u016bdijan\u010dio plieno vir\u0161umi. Reguliuojamo auk\u0161\u010dio. Lengvai atidaromas ir i\u0161valomas, i\u0161\u0117jimo diam 40. Yra vamzdelis \u012f kanalizacij\u0105.<\/p>\n","protected":false},"excerpt":{"rendered":"<p>Ner\u016bdijan\u010dio plieno plok\u0161tel\u0117 diam 65mm. Kam\u0161tis su ner\u016bdijan\u010dio plieno vir\u0161umi. Reguliuojamo auk\u0161\u010dio. Lengvai atidaromas ir i\u0161valomas, i\u0161\u0117jimo diam 40. Yra vamzdelis \u012f kanalizacij\u0105.<\/p>\n","protected":false},"featured_media":3652,"comment_status":"open","ping_status":"closed","template":"","meta":[],"_links":{"self":[{"href":"http:\/\/www.marykas.lt\/girsas\/wp-json\/wp\/v2\/product\/3654"}],"collection":[{"href":"http:\/\/www.marykas.lt\/girsas\/wp-json\/wp\/v2\/product"}],"about":[{"href":"http:\/\/www.marykas.lt\/girsas\/wp-json\/wp\/v2\/types\/product"}],"replies":[{"embeddable":true,"href":"http:\/\/www.marykas.lt\/girsas\/wp-json\/wp\/v2\/comments?post=3654"}],"wp:featuredmedia":[{"embeddable":true,"href":"http:\/\/www.marykas.lt\/girsas\/wp-json\/wp\/v2\/media\/3652"}],"wp:attachment":[{"href":"http:\/\/www.marykas.lt\/girsas\/wp-json\/wp\/v2\/media?parent=3654"}],"curies":[{"name":"wp","href":"https:\/\/api.w.org\/{rel}","templated":true}]}}