{"id":3651,"date":"2018-06-11T05:21:55","date_gmt":"2018-06-11T07:21:55","guid":{"rendered":"http:\/\/www.marykas.lt\/girsas\/?post_type=product&#038;p=3651"},"modified":"2018-11-24T18:18:27","modified_gmt":"2018-11-24T20:18:27","slug":"bide-sifonas-c2905","status":"publish","type":"product","link":"http:\/\/www.marykas.lt\/girsas\/produktas\/nicoll-buitine-santechnika\/voniu-kriaukliu-dalys\/praustuves-bides\/bide-sifonas-c2905\/","title":{"rendered":"Bid\u0117 sifonas C2905"},"content":{"rendered":"<p>Universalus. Reguliuojamas auk\u0161tis. Lengvai i\u0161ardomas ir i\u0161valomas ,i\u0161\u0117jimas diam.32 Yra vamzdelis pajungimui \u012f kanalizacij\u0105 ir u\u017edengimo dantelis.<\/p>\n","protected":false},"excerpt":{"rendered":"<p>Universalus. Reguliuojamas auk\u0161tis. Lengvai i\u0161ardomas ir i\u0161valomas ,i\u0161\u0117jimas diam.32 Yra vamzdelis pajungimui \u012f kanalizacij\u0105 ir u\u017edengimo dantelis.<\/p>\n","protected":false},"featured_media":3652,"comment_status":"open","ping_status":"closed","template":"","meta":[],"_links":{"self":[{"href":"http:\/\/www.marykas.lt\/girsas\/wp-json\/wp\/v2\/product\/3651"}],"collection":[{"href":"http:\/\/www.marykas.lt\/girsas\/wp-json\/wp\/v2\/product"}],"about":[{"href":"http:\/\/www.marykas.lt\/girsas\/wp-json\/wp\/v2\/types\/product"}],"replies":[{"embeddable":true,"href":"http:\/\/www.marykas.lt\/girsas\/wp-json\/wp\/v2\/comments?post=3651"}],"wp:featuredmedia":[{"embeddable":true,"href":"http:\/\/www.marykas.lt\/girsas\/wp-json\/wp\/v2\/media\/3652"}],"wp:attachment":[{"href":"http:\/\/www.marykas.lt\/girsas\/wp-json\/wp\/v2\/media?parent=3651"}],"curies":[{"name":"wp","href":"https:\/\/api.w.org\/{rel}","templated":true}]}}