{"id":3648,"date":"2018-06-11T05:16:57","date_gmt":"2018-06-11T07:16:57","guid":{"rendered":"http:\/\/www.marykas.lt\/girsas\/?post_type=product&#038;p=3648"},"modified":"2018-11-24T18:19:01","modified_gmt":"2018-11-24T20:19:01","slug":"bide-sifonas-lb221","status":"publish","type":"product","link":"http:\/\/www.marykas.lt\/girsas\/produktas\/nicoll-buitine-santechnika\/voniu-kriaukliu-dalys\/praustuves-bides\/bide-sifonas-lb221\/","title":{"rendered":"Bid\u0117 sifonas LB221"},"content":{"rendered":"<p>Universalus. Reguliuojamas auk\u0161tis.\u00a0 Lengvai i\u0161ardomas ir i\u0161valomas, i\u0161\u0117jimo diam 32<\/p>\n","protected":false},"excerpt":{"rendered":"<p>Universalus. Reguliuojamas auk\u0161tis.\u00a0 Lengvai i\u0161ardomas ir i\u0161valomas, i\u0161\u0117jimo diam 32<\/p>\n","protected":false},"featured_media":3650,"comment_status":"open","ping_status":"closed","template":"","meta":[],"_links":{"self":[{"href":"http:\/\/www.marykas.lt\/girsas\/wp-json\/wp\/v2\/product\/3648"}],"collection":[{"href":"http:\/\/www.marykas.lt\/girsas\/wp-json\/wp\/v2\/product"}],"about":[{"href":"http:\/\/www.marykas.lt\/girsas\/wp-json\/wp\/v2\/types\/product"}],"replies":[{"embeddable":true,"href":"http:\/\/www.marykas.lt\/girsas\/wp-json\/wp\/v2\/comments?post=3648"}],"wp:featuredmedia":[{"embeddable":true,"href":"http:\/\/www.marykas.lt\/girsas\/wp-json\/wp\/v2\/media\/3650"}],"wp:attachment":[{"href":"http:\/\/www.marykas.lt\/girsas\/wp-json\/wp\/v2\/media?parent=3648"}],"curies":[{"name":"wp","href":"https:\/\/api.w.org\/{rel}","templated":true}]}}