{"id":3644,"date":"2018-06-11T05:13:41","date_gmt":"2018-06-11T07:13:41","guid":{"rendered":"http:\/\/www.marykas.lt\/girsas\/?post_type=product&#038;p=3644"},"modified":"2018-11-24T18:19:29","modified_gmt":"2018-11-24T20:19:29","slug":"praustuvo-sifonas-c2904","status":"publish","type":"product","link":"http:\/\/www.marykas.lt\/girsas\/produktas\/nicoll-buitine-santechnika\/voniu-kriaukliu-dalys\/praustuves-bides\/praustuvo-sifonas-c2904\/","title":{"rendered":"Praustuvo sifonas C2904"},"content":{"rendered":"<p>Universalus. Reguliuojamas auk\u0161tis. Lengvai i\u0161ardomas ir i\u0161valomas ,i\u0161\u0117jimas diam.32 Yra vamzdelis pajungimui \u012f kanalizacij\u0105 ir u\u017edengimo dantelis.<\/p>\n","protected":false},"excerpt":{"rendered":"<p>Universalus. Reguliuojamas auk\u0161tis. Lengvai i\u0161ardomas ir i\u0161valomas ,i\u0161\u0117jimas diam.32 Yra vamzdelis pajungimui \u012f kanalizacij\u0105 ir u\u017edengimo dantelis.<\/p>\n","protected":false},"featured_media":3645,"comment_status":"open","ping_status":"closed","template":"","meta":[],"_links":{"self":[{"href":"http:\/\/www.marykas.lt\/girsas\/wp-json\/wp\/v2\/product\/3644"}],"collection":[{"href":"http:\/\/www.marykas.lt\/girsas\/wp-json\/wp\/v2\/product"}],"about":[{"href":"http:\/\/www.marykas.lt\/girsas\/wp-json\/wp\/v2\/types\/product"}],"replies":[{"embeddable":true,"href":"http:\/\/www.marykas.lt\/girsas\/wp-json\/wp\/v2\/comments?post=3644"}],"wp:featuredmedia":[{"embeddable":true,"href":"http:\/\/www.marykas.lt\/girsas\/wp-json\/wp\/v2\/media\/3645"}],"wp:attachment":[{"href":"http:\/\/www.marykas.lt\/girsas\/wp-json\/wp\/v2\/media?parent=3644"}],"curies":[{"name":"wp","href":"https:\/\/api.w.org\/{rel}","templated":true}]}}