{"id":2947,"date":"2018-06-03T13:34:25","date_gmt":"2018-06-03T15:34:25","guid":{"rendered":"http:\/\/www.marykas.lt\/girsas\/?post_type=product&#038;p=2947"},"modified":"2018-06-03T13:34:25","modified_gmt":"2018-06-03T15:34:25","slug":"rinkinys-4varztai2ploksteles4ivores-filkit","status":"publish","type":"product","link":"http:\/\/www.marykas.lt\/girsas\/produktas\/girpi-pramoninis-vamzdynas\/kryoclim\/rinkinys-4varztai2ploksteles4ivores-filkit\/","title":{"rendered":"Rinkinys (4var\u017etai+2plok\u0161tel\u0117s+4\u012fvor\u0117s) FILKIT"},"content":{"rendered":"","protected":false},"excerpt":{"rendered":"","protected":false},"featured_media":0,"comment_status":"open","ping_status":"closed","template":"","meta":[],"_links":{"self":[{"href":"http:\/\/www.marykas.lt\/girsas\/wp-json\/wp\/v2\/product\/2947"}],"collection":[{"href":"http:\/\/www.marykas.lt\/girsas\/wp-json\/wp\/v2\/product"}],"about":[{"href":"http:\/\/www.marykas.lt\/girsas\/wp-json\/wp\/v2\/types\/product"}],"replies":[{"embeddable":true,"href":"http:\/\/www.marykas.lt\/girsas\/wp-json\/wp\/v2\/comments?post=2947"}],"wp:attachment":[{"href":"http:\/\/www.marykas.lt\/girsas\/wp-json\/wp\/v2\/media?parent=2947"}],"curies":[{"name":"wp","href":"https:\/\/api.w.org\/{rel}","templated":true}]}}