{"id":2657,"date":"2018-05-31T11:14:27","date_gmt":"2018-05-31T13:14:27","guid":{"rendered":"http:\/\/www.marykas.lt\/girsas\/?post_type=product&#038;p=2657"},"modified":"2018-05-31T11:18:11","modified_gmt":"2018-05-31T13:18:11","slug":"flansine-ivore-kv-hcs","status":"publish","type":"product","link":"http:\/\/www.marykas.lt\/girsas\/produktas\/girpi-pramoninis-vamzdynas\/hta\/flansine-ivore-kv-hcs\/","title":{"rendered":"Flan\u0161in\u0117 \u012fvor\u0117 kv HCS"},"content":{"rendered":"","protected":false},"excerpt":{"rendered":"","protected":false},"featured_media":2658,"comment_status":"open","ping_status":"closed","template":"","meta":[],"_links":{"self":[{"href":"http:\/\/www.marykas.lt\/girsas\/wp-json\/wp\/v2\/product\/2657"}],"collection":[{"href":"http:\/\/www.marykas.lt\/girsas\/wp-json\/wp\/v2\/product"}],"about":[{"href":"http:\/\/www.marykas.lt\/girsas\/wp-json\/wp\/v2\/types\/product"}],"replies":[{"embeddable":true,"href":"http:\/\/www.marykas.lt\/girsas\/wp-json\/wp\/v2\/comments?post=2657"}],"wp:featuredmedia":[{"embeddable":true,"href":"http:\/\/www.marykas.lt\/girsas\/wp-json\/wp\/v2\/media\/2658"}],"wp:attachment":[{"href":"http:\/\/www.marykas.lt\/girsas\/wp-json\/wp\/v2\/media?parent=2657"}],"curies":[{"name":"wp","href":"https:\/\/api.w.org\/{rel}","templated":true}]}}