{"id":3957,"date":"2018-06-12T10:19:57","date_gmt":"2018-06-12T12:19:57","guid":{"rendered":"http:\/\/www.marykas.lt\/girsas\/?page_id=3957"},"modified":"2018-06-18T10:04:32","modified_gmt":"2018-06-18T12:04:32","slug":"privatumo-politika","status":"publish","type":"page","link":"http:\/\/www.marykas.lt\/girsas\/lt\/privatumo-politika\/","title":{"rendered":"Privatumo politika"},"content":{"rendered":"<div class=\"wpb-content-wrapper\"><p>[vc_row][vc_column][vc_column_text]<strong>Bendrosios nuostatos<\/strong><\/p>\n<p>UAB \u201eGirsas\u201c (toliau \u2013 Duomen\u0173 valdytojas) \u0161ia privatumo politika nustato asmens duomen\u0173 tvarkymo s\u0105lygas naudojantis Duomen\u0173 valdytojo tinklapiais ir socialiniais tinklais. \u0160ios privatumo politikos nustatytos s\u0105lygos taikomos kiekvien\u0105 kart\u0105 kai lankot\u0117s UAB \u201eGirsas\u201c interneto svetain\u0117je, socialiniuose tinkluose, u\u017esisakote prekes ir (arba) paslaugas UAB \u201eGirsas\u201c elektroniniame kataloge.<\/p>\n<p>Pateikdami asmenin\u0119 informacij\u0105 tinklalapyje, \u012fskaitant, bet neapsiribojant informacija, kuri automati\u0161kai pateikiama nar\u0161ant tinklalapyje, J\u016bs sutinkate su \u0161ios Privatumo politikos nuostatomis.<\/p>\n<p>Mes pasiliekame teis\u0119 per\u017ei\u016br\u0117ti (\u012fskaitant keitim\u0105, papildym\u0105, at\u0161aukim\u0105) \u0161i\u0105 privatumo politik\u0105 ar bet kuri\u0105 jos dal\u012f. Pakeista privatumo politikos versija yra laikoma galiojan\u010dia nuo jos paskelbimo tinklalapyje datos, nebent pakeitime yra nurodoma kitaip.<\/p>\n<p>Mes duomen\u0173 tvarkymui taikome saugos ir tvarkymo reikalavimus, nustatytus Lietuvos Respublikos asmens duomen\u0173 teisin\u0117s apsaugos \u012fstatyme ir ES Bendrajame duomen\u0173 apsaugos reglamente.[\/vc_column_text][\/vc_column][\/vc_row][vc_row][vc_column][vc_toggle title=\u201cKoki\u0105 informacij\u0105 apie jus renkame?\u201c]<strong>Komentarai<\/strong><\/p>\n<p>Kai lankytojai ra\u0161o komentarus tinklalapyje, mes renkame duomenis, matomus komentaro paskelbimo formoje, o taip pat lankytojo IP adres\u0105 bei nar\u0161ykl\u0117s vartotojo \u012fra\u0161\u0105, kad apsisaugotume nuo brukal\u0173.<\/p>\n<p><strong>Failai<\/strong><\/p>\n<p>Jei \u012fkeliate nuotraukas \u012f tinklalap\u012f, tur\u0117tum\u0117te vengti \u012fkelti jas su i\u0161saugotais vietov\u0117s duomenimis (EXIF GPS). Tinklalapio lankytojai gali parsisi\u0173sti nuotraukas i\u0161 tinklalapio ir i\u0161 j\u0173 i\u0161gauti vietov\u0117s duomenis.<\/p>\n<p><strong>Kontakt\u0173 formos<\/strong><\/p>\n<ul>\n<li>J\u016bs\u0173 vard\u0105 ir (arba) pavard\u0119;<\/li>\n<li>elektroninio pa\u0161to adres\u0105;<\/li>\n<li>adres\u0105;<\/li>\n<li>telefono numer\u012f;<\/li>\n<li>bendrov\u0117s\/\u012fmon\u0117s pavadinim\u0105;<\/li>\n<li>u\u017esakymo informacij\u0105;<\/li>\n<li>komentar\u0105\/\u017einut\u0119.<\/li>\n<\/ul>\n<p>&nbsp;<\/p>\n<p><strong>Slapukai (cookies)<\/strong><\/p>\n<p>Kai J\u016bs ra\u0161ote komentar\u0105 \u0161iame tinklalapyje, J\u016bs galite pasirinkti, ar norite, kad J\u016bs\u0173 vardas, el.pa\u0161tas ir tinklalapis b\u016bt\u0173 i\u0161saugotas slapukuose. Taip daroma J\u016bs\u0173 patogumui, kad Jums nereik\u0117t\u0173 \u0161i\u0173 duomen\u0173 suvedin\u0117ti i\u0161 naujo, kiekvien\u0105 kart\u0105 kai komentuojate. \u0160ie slapukai saugomi vienerius metus.<\/p>\n<p>Jei J\u016bs turite paskyr\u0105 ir prisijungiate m\u016bs\u0173 tinklalapyje, mes sukuriame laikin\u0105 slapuk\u0105, kuriame \u012fra\u0161oma, ar J\u016bs\u0173 nar\u0161ykl\u0117 priima slapukus. \u0160is slapukas nesaugo jokios asmenin\u0117s informacijos ir yra i\u0161trinamas kai u\u017edarote savo nar\u0161ykl\u0119.<\/p>\n<p>Kai J\u016bs prisijungiate, mes taip pat sukuriame kelis slapukus, kuriuose saugoma J\u016bs\u0173 prisijungimo informacija ir J\u016bs\u0173 ekrano rodymo pasirinkimai. Prisijungimo slapukai galioja 2 dienas, o ekrano nustatym\u0173 &#8211; vienerius metus. Jei J\u016bs pa\u017eymite pasirinkim\u0105 \u201ePrisiminti mane\u201c, J\u016bs\u0173 prisijungimo slapukas galios 2 savaites. Kai atsijungiate i\u0161 savo paskyros, prisijungimo slapukai i\u0161trinami.<\/p>\n<div>Jei pageidaujate, galite kontroliuoti ir (arba) i\u0161trinti visus j\u016bs\u0173 kompiuteryje jau esan\u010dius slapukus, o daugum\u0105 nar\u0161ykli\u0173 nustatyti taip, kad slapukai neb\u016bt\u0173 \u012fra\u0161omi j\u016bs\u0173 \u012frenginyje.<\/div>\n<div><\/div>\n<div>Daugiau informacijos apie slapuk\u0173 i\u0161jungim\u0105 arba slapuk\u0173 nustatym\u0173 pakeitim\u0105 naudojamoje nar\u0161ykl\u0117je rasite toliau pateikiamame s\u0105ra\u0161e:<\/div>\n<div><\/div>\n<div style=\"padding-left: 30px;\">\u201eGoogle Chrome\u201c:\u00a0<a href=\"https:\/\/support.google.com\/chrome\/answer\/95647?hl=en\" target=\"_blank\" rel=\"noopener\">https:\/\/support.google.com\/chrome\/answer\/95647?hl=en<\/a><\/div>\n<div style=\"padding-left: 30px;\">\u201eFirefox\u201c\u00a0<a href=\"https:\/\/support.mozilla.org\/en-US\/kb\/enable-and-disable-cookies-website-preferences\" target=\"_blank\" rel=\"noopener\">https:\/\/support.mozilla.org\/en-US\/kb\/enable-and-disable-cookies-website-preferences<\/a><\/div>\n<div style=\"padding-left: 30px;\">\u201eInternet Explorer\u201c:\u00a0<a href=\"http:\/\/windows.microsoft.com\/en-GB\/windows-vista\/Block-or-allow-cookies%20\" target=\"_blank\" rel=\"noopener\">http:\/\/windows.microsoft.com\/en-GB\/windows-vista\/Block-or-allow-cookies\u00a0<\/a><\/div>\n<div style=\"padding-left: 30px;\">\u201eSafari\u201c:\u00a0<a href=\"http:\/\/help.apple.com\/safari\/mac\/8.0\/#\/sfri11471\" target=\"_blank\" rel=\"noopener\">http:\/\/help.apple.com\/safari\/mac\/8.0\/#\/sfri11471<\/a><\/div>\n<p>Siekiant u\u017etikrinti galimyb\u0119 Jums patogiau ir efektyviau nar\u0161yti Svetain\u0117je bei pateikti Jums naudingus pasi\u016blymus, Svetain\u0117je naudojame \u0161iuos Slapukus:<\/p>\n<p>&nbsp;<\/p>\n<p><strong>I\u0161 kit\u0173 tinklalapi\u0173 \u012fkeltas turinys<\/strong><\/p>\n<p>\u0160iame tinklalapyje gali b\u016bti i\u0161 kit\u0173 tinklalapio \u012fkelto turinio (pavyzd\u017eiui, video, paveiksl\u0117liai, tekstas ir pan.). Tokio \u012fkelto turinio per\u017ei\u016bra ir veiksmai su juo \u0161iame tinklalapyje prilygsta apsilankymui tuose tinklalapiuose, i\u0161 kuri\u0173 turinys yra \u012fkeltas.<\/p>\n<p>\u0160ie tinklalapiai gali rinkti duomenis apie Jus, naudoti slapukus (cookies), tre\u010di\u0173j\u0173 \u0161ali\u0173 sekimo paslaugas ir steb\u0117ti J\u016bs\u0173 veiksmus su \u012fkeltu turiniu, \u012fskaitant ir tuos atvejus, kai turite paskyr\u0105 ir esate prisijung\u0119s prie min\u0117t\u0173 tinklalapi\u0173.<\/p>\n<p><strong>Statistika<\/strong><\/p>\n<div>\u0160i svetain\u0117 naudoja \u201eGoogle Analytics\u201c\u00a0 \u2013\u00a0 Google teikiam\u0105 svetaini\u0173 analiz\u0117s paslaug\u0105. \u0160ie slapukai svetainei suteikia \u201eatmint\u012f\u201c \u2013 kiekvieno apsilankymo metu J\u016bs esate atpa\u017e\u012fstamas kaip nuolatinis svetain\u0117s lankytojas. Surinkta informacija yra naudojama UAB \u201eGirsas\u201c tam, kad gal\u0117t\u0173 vykdyti statistin\u0119 svetain\u0117s analiz\u0119 ir nuolat tobulinti svetain\u0117s turin\u012f.<\/div>\n<div><\/div>\n<div>\u201eGoogle Analytics\u201c slapuk\u0173 pagalba gali b\u016bti renkama anonimin\u0117, statistin\u0117 informacija apie J\u016bs\u0173 apsilankym\u0105 puslapyje: slapuko ID, data, atidaryti puslapiai, nar\u0161ymo trukm\u0117, naudojama nar\u0161ykl\u0117, \u012frenginio tipas, miestas, \u0161alis, kalba ir visa kita informacija, kuri\u0105 J\u016bs pateik\u0117te savo naudojamoje nar\u0161ykl\u0117je.<\/div>\n<div><\/div>\n<div>\u0160ioje svetain\u0117je naudojama i\u0161pl\u0117sta \u201eGoogle Analytics\u201c paslauga, kad kompiuterio adresas b\u016bt\u0173 registruojamas anonimi\u0161kai (vadinamasis kompiuterio adreso sl\u0117pimas). Anonimin\u0117 informacija apie lankytojo elges\u012f perduodama \u201eGoogle\u201c ir \u201eGoogle\u201c j\u0105 saugo JAV esan\u010diuose serveriuose. Prie\u0161 i\u0161si\u0173sdami j\u016bs\u0173 IP adres\u0105 \u201eGoogle\u201c, paver\u010dia j\u012f anoniminiu. Pagal \u201eGoogle Analytics\u201c paslaugos teikimo s\u0105lygas \u201eGoogle\u201c nesusies duomen\u0173 subjekto IP adreso su jokiais kitais \u201eGoogle\u201c turimais duomenimis.<\/div>\n<div><\/div>\n<div>Pla\u010diau apie \u201eGoogle Analytics\u201c ir informacij\u0105, kuri\u0105 \u0161ie \u012frankiai leid\u017eia rinkti, galite su\u017einoti \u010dia:\u00a0<a href=\"https:\/\/support.google.com\/analytics\/answer\/6004245?hl=lt\" target=\"_blank\" rel=\"noopener\">https:\/\/support.google.com\/analytics\/answer\/6004245?hl=lt<\/a>. (apa\u010dioje galima pasirinkti lietuvi\u0173 kalb\u0105).<\/div>\n<p>[\/vc_toggle][vc_toggle title=\u201cKokiais tikslais naudojame informacij\u0105 apie jus?\u201c]\u012eprastai Duomen\u0173 valdytojas tvarko asmens duomenis \u0161iais tikslais:<\/p>\n<ul>\n<li>siekiant sudaryti ir vykdyti sutartis;<\/li>\n<li>teikiant elektronin\u0117s prekybos paslaugas (jei tokios tinklalapio paslaugos yra prieinamos tinklalapyje);<\/li>\n<li>vykdant tiesiogin\u0119 rinkodar\u0105;<\/li>\n<li>i\u0161ra\u0161ant s\u0105skaitas fakt\u016bras;<\/li>\n<\/ul>\n<p>[\/vc_toggle][vc_toggle title=\u201cKam atskleid\u017eiame J\u016bs\u0173 informacij\u0105?\u201c]Mes galime atskleisti J\u016bs\u0173 informacij\u0105 toliau nurodytiems subjektams:<\/p>\n<ul>\n<li>bendrov\u0117ms, kurios teikia kurjeri\u0173 paslaugas;<\/li>\n<li>bendrovei, kurios serveryje saugomi asmens duomenys;<\/li>\n<li>naujienlai\u0161ki\u0173 siuntimo paslaugas teikian\u010dioms bendrov\u0117ms ir pan.;<\/li>\n<li>susijusiai tre\u010diajai \u0161aliai bendrovi\u0173 susijungimo, perdavimo ar bankroto atveju;<\/li>\n<li>kitoms \u0161alims, kai to reikalaujama pagal \u012fstatymus;<\/li>\n<li>kitais atvejais su J\u016bs\u0173 sutikimu arba teis\u0117tu J\u016bs\u0173 pra\u0161ymu.<\/li>\n<\/ul>\n<p>Lankytoj\u0173 komentarai gali b\u016bti tikrinami naudojant automatin\u0119 brukal\u0173 paie\u0161kos paslaug\u0105.[\/vc_toggle][vc_toggle title=\u201cKiek laiko saugomi J\u016bs\u0173 duomenys?\u201c]Jei para\u0161ote komentar\u0105, jo tekstas ir metaduomenys yra saugomi neribot\u0105 laik\u0105. Taip daroma tod\u0117l, kad gal\u0117tume atpa\u017einti ir patvirtinti ateities komentarus automati\u0161kai, vietoje administratoriaus patvirtinimo.<\/p>\n<p>Kai u\u017esiregistruojate m\u016bs\u0173 tinklalapyje ir tampate vartotoju, mes saugome visus J\u016bs\u0173 asmeninius duomenis, kuriuos J\u016bs pateikiate savo paskyroje. Kiekvienas vartotojas gali matyti, redaguoti ir i\u0161trinti savo asmeninius duomenis bet kuriuo metu (i\u0161skyrus vartotojo vard\u0105). Tinklalapio administratoriai tai pat gali matyti ir redaguoti \u0161iuos duomenis.[\/vc_toggle][vc_toggle title=\u201cKaip apsaugojame J\u016bs\u0173 asmeninius duomenis?\u201c]\u012edieg\u0117me atitinkamas fizines, organizacines ir technines priemones, kad apsaugotume J\u016bs\u0173 tvarkomus asmens duomenis.[\/vc_toggle][vc_toggle title=\u201cKokias J\u016bs turite teises?\u201c]J\u016bs turite teis\u0119 kreiptis \u012f mus su pra\u0161ymu suteikti informacij\u0105 apie m\u016bs\u0173 tvarkomus J\u016bs\u0173 duomenis:<\/p>\n<ul>\n<li>kreipti \u012f mus su pra\u0161ymu i\u0161taisyti J\u016bs\u0173 asmens duomenis ir (arba) sustabdyti toki\u0173 asmens duomen\u0173 tvarkymo veiksmus, i\u0161skyrus saugojim\u0105, tuo atveju, kai, susipa\u017ein\u0119 su asmens duomenimis, J\u016bs nustatote, kad duomenys yra neteisingi, nei\u0161sam\u016bs ar netiksl\u016bs;<\/li>\n<li>kreiptis \u012f mus su pra\u0161ymu sunaikinti asmens duomenis ar sustabdyti toki\u0173 asmens duomen\u0173 tvarkymo veiksmus, i\u0161skyrus saugojim\u0105, tuo atveju, kai, susipa\u017ein\u0119 su savo asmens duomenimis, J\u016bs nustatote, kad asmens duomenys yra tvarkomi neteis\u0117tai arba nes\u0105\u017einingai, tvarkomi pertekliniai asmens duomenys ar egzistuoja kiti teis\u0117s aktuose nustatyti pagrindai;<\/li>\n<li>susistemintu, \u012fprastai naudojamu ir kompiuterio skaitomu formatu gauti savo asmens duomenis, kuriuos pateik\u0117te mums kaip Duomen\u0173 valdytojui, ir persi\u0173sti \u0161iuos duomenis kitam duomen\u0173 valdytojui, arba reikalauti, kad mes tiesiogiai persi\u0173stume tokius asmens duomenis kitam duomen\u0173 valdytojui, kai tai techni\u0161kai \u012fmanoma (teis\u0117 \u012f duomen\u0173 perkeliamum\u0105).<\/li>\n<\/ul>\n<p>Duomen\u0173 valdytojas gali nesudaryti duomen\u0173 subjektams s\u0105lyg\u0173 \u012fgyvendinti auk\u0161\u010diau i\u0161vardint\u0173 teisi\u0173, kai \u012fstatym\u0173 numatytais atvejais, reikia u\u017etikrinti nusikaltim\u0173, tarnybin\u0117s ar profesin\u0117s etikos pa\u017eeidim\u0173 prevencij\u0105, tyrim\u0105 ir nustatym\u0105, taip pat duomen\u0173 subjekto ar kit\u0173 asmen\u0173 teisi\u0173 ir laisvi\u0173 apsaug\u0105.[\/vc_toggle][vc_toggle title=\u201cK\u0105 tur\u0117tum\u0117te \u017einoti apie tre\u010di\u0173j\u0173 \u0161ali\u0173 svetaines, paslaugas ir produktus m\u016bs\u0173 svetain\u0117se?\u201c]M\u016bs\u0173 interneto svetain\u0117je (-\u0117se) ar socialini\u0173 tinkl\u0173 paskyrose gali b\u016bti tre\u010di\u0173j\u0173 \u0161ali\u0173 reklamini\u0173 skydeli\u0173, nuorod\u0173 \u012f j\u0173 svetaines ir paslaugas, kuri\u0173 mes nekontroliuojame. Duomen\u0173 valdytojas neatsako u\u017e informacijos, kuri\u0105 surinko tre\u010diosios \u0161alys, saug\u0105 ir privatum\u0105.[\/vc_toggle][\/vc_column][\/vc_row][vc_row css=\u201c.vc_custom_1529322704709{padding-top: 10px !important;}\u201c][vc_column][vc_column_text]<strong>Baigiamosios nuostatos<\/strong><\/p>\n<p>\u0160i privatumo politika per\u017ei\u016brima ne re\u010diau kaip kart\u0105 per dvejus metus. Atnaujin\u0119 privatumo politik\u0105, informuosime Jus apie, m\u016bs\u0173 nuomone, esminius pakeitimus paskelbdami prane\u0161im\u0105 konkre\u010dioje svetain\u0117je (-\u0117se) ar socialini\u0173 tinkl\u0173 paskyrose. jei prisijungsite ar naudosit\u0117s m\u016bs\u0173 teikiamu turiniu po tokio prane\u0161imo paskelbimo, laikysime, kad J\u016bs sutinkate su naujais reikalavimais, nurodytais atnaujinime.<\/p>\n<p><strong>Kontaktin\u0117 informacija<\/strong><\/p>\n<p>UAB Girsas<\/p>\n<p><em>\u012em. kodas:\u00a0<\/em>135289373<br \/>\n<em>PVM kodas:<\/em>\u00a0LT352893716<br \/>\n<em>Adresas:<\/em>\u00a0Raudondvario pl. 141, LT-47192 Kaunas<br \/>\n<em>Tel.:<\/em>\u00a0+37037362499<br \/>\n<em>El.pa\u0161tas:<\/em>\u00a0vidasg@girsas.lt<br \/>\npardavimai@girsas.lt<br \/>\ninfo@girsas.lt[\/vc_column_text][\/vc_column][\/vc_row]<\/p>\n<\/div>","protected":false},"excerpt":{"rendered":"<p>[vc_row][vc_column][vc_column_text]Bendrosios nuostatos UAB \u201eGirsas\u201c (toliau \u2013 Duomen\u0173 valdytojas) \u0161ia privatumo politika nustato asmens duomen\u0173 tvarkymo s\u0105lygas naudojantis Duomen\u0173 valdytojo tinklapiais ir socialiniais tinklais. \u0160ios privatumo politikos<span class=\"excerpt-hellip\"> [\u2026]<\/span><\/p>\n","protected":false},"author":1,"featured_media":0,"parent":0,"menu_order":0,"comment_status":"closed","ping_status":"closed","template":"","meta":[],"_links":{"self":[{"href":"http:\/\/www.marykas.lt\/girsas\/wp-json\/wp\/v2\/pages\/3957"}],"collection":[{"href":"http:\/\/www.marykas.lt\/girsas\/wp-json\/wp\/v2\/pages"}],"about":[{"href":"http:\/\/www.marykas.lt\/girsas\/wp-json\/wp\/v2\/types\/page"}],"author":[{"embeddable":true,"href":"http:\/\/www.marykas.lt\/girsas\/wp-json\/wp\/v2\/users\/1"}],"replies":[{"embeddable":true,"href":"http:\/\/www.marykas.lt\/girsas\/wp-json\/wp\/v2\/comments?post=3957"}],"version-history":[{"count":11,"href":"http:\/\/www.marykas.lt\/girsas\/wp-json\/wp\/v2\/pages\/3957\/revisions"}],"predecessor-version":[{"id":4044,"href":"http:\/\/www.marykas.lt\/girsas\/wp-json\/wp\/v2\/pages\/3957\/revisions\/4044"}],"wp:attachment":[{"href":"http:\/\/www.marykas.lt\/girsas\/wp-json\/wp\/v2\/media?parent=3957"}],"curies":[{"name":"wp","href":"https:\/\/api.w.org\/{rel}","templated":true}]}}