{"id":3953,"date":"2018-06-12T10:14:02","date_gmt":"2018-06-12T12:14:02","guid":{"rendered":"http:\/\/www.marykas.lt\/girsas\/?page_id=3953"},"modified":"2018-06-12T10:55:14","modified_gmt":"2018-06-12T12:55:14","slug":"montavimo-darbai","status":"publish","type":"page","link":"http:\/\/www.marykas.lt\/girsas\/lt\/montavimo-darbai\/","title":{"rendered":"Montavimo darbai"},"content":{"rendered":"<p>UAB \u201eGirsas\u201c dukterin\u0117 \u012fmon\u0117 UAB\u201cGenlinsta\u201c specializuojasi statybos (montavimo) srityje:<br \/>\n&#8211; suspausto oro vamzdyno montavimas<br \/>\n&#8211; kompresori\u0173 montavimas<br \/>\n&#8211; sl\u0117gimini\u0173 ind\u0173 montavimas ir pridavimas atitinkamoms institucijoms<br \/>\n&#8211; kompresorini\u0173 (patalp\u0173) ventiliacijos \u012frengimas<br \/>\n&#8211; kar\u0161to, \u0161alto vandens, \u0161ildymo in\u017einerini\u0173 tinkl\u0173 \u012frengimas<br \/>\n&#8211; kanalizacijos, lietaus nuot\u0117k\u0173 sistemos \u012frengimas<br \/>\n&#8211; kondicionavimo, v\u0117dinimo, \u0161aldymo sistem\u0173 \u012frengimas<\/p>\n<p>UAB \u201eGenlinsta\u201c yra atlikusi montavimo, \u012frengimo darbus daugiau kaip 3000 \u012fmoni\u0173 Lietuvoje, Latvijoje, Estijoje ir Kaliningrado srityje.<\/p>\n","protected":false},"excerpt":{"rendered":"<p>UAB \u201eGirsas\u201c dukterin\u0117 \u012fmon\u0117 UAB\u201cGenlinsta\u201c specializuojasi statybos (montavimo) srityje: &#8211; suspausto oro vamzdyno montavimas &#8211; kompresori\u0173 montavimas &#8211; sl\u0117gimini\u0173 ind\u0173 montavimas ir pridavimas atitinkamoms institucijoms &#8211;<span class=\"excerpt-hellip\"> [\u2026]<\/span><\/p>\n","protected":false},"author":1,"featured_media":0,"parent":0,"menu_order":0,"comment_status":"closed","ping_status":"closed","template":"","meta":[],"_links":{"self":[{"href":"http:\/\/www.marykas.lt\/girsas\/wp-json\/wp\/v2\/pages\/3953"}],"collection":[{"href":"http:\/\/www.marykas.lt\/girsas\/wp-json\/wp\/v2\/pages"}],"about":[{"href":"http:\/\/www.marykas.lt\/girsas\/wp-json\/wp\/v2\/types\/page"}],"author":[{"embeddable":true,"href":"http:\/\/www.marykas.lt\/girsas\/wp-json\/wp\/v2\/users\/1"}],"replies":[{"embeddable":true,"href":"http:\/\/www.marykas.lt\/girsas\/wp-json\/wp\/v2\/comments?post=3953"}],"version-history":[{"count":1,"href":"http:\/\/www.marykas.lt\/girsas\/wp-json\/wp\/v2\/pages\/3953\/revisions"}],"predecessor-version":[{"id":3954,"href":"http:\/\/www.marykas.lt\/girsas\/wp-json\/wp\/v2\/pages\/3953\/revisions\/3954"}],"wp:attachment":[{"href":"http:\/\/www.marykas.lt\/girsas\/wp-json\/wp\/v2\/media?parent=3953"}],"curies":[{"name":"wp","href":"https:\/\/api.w.org\/{rel}","templated":true}]}}