{"id":13,"date":"2018-06-17T10:29:27","date_gmt":"2018-06-17T12:29:27","guid":{"rendered":"http:\/\/www.marykas.lt\/girsas\/?page_id=13"},"modified":"2017-12-08T17:34:31","modified_gmt":"2017-12-08T19:34:31","slug":"apie-imone","status":"publish","type":"page","link":"http:\/\/www.marykas.lt\/girsas\/lt\/apie-imone\/","title":{"rendered":"Apie \u012fmon\u0119"},"content":{"rendered":"<div class=\"wpb-content-wrapper\"><p>[vc_row][vc_column][vc_column_text]1999 metais \u012fsteigta individuali \u012fmon\u0117 \u201eV.Genio firma\u201c kaip Pranc\u016bzijos vamzd\u017ei\u0173 gamintojo \u201eGIRPI\u201c atstovas Baltijos \u0161alims.<\/p>\n<p>\u201eV.Genio firma\u201c prekiavo ir montavo \u201eGIRPI\u201c vamzdynus suspaustam orui, kar\u0161tam ir \u0161altam vandeniui, lietaus nuvedimo sistemas.<\/p>\n<p>Ple\u010diantis \u012fmon\u0117s veiklai ir augant apyvartos apim\u010diai, 2005 m. \u012fvykdyta reorganizacija: atskirta \u012fmon\u0117s prekybos ir montavimo veiklos. Naujai \u012fkurta u\u017edara akcin\u0117 bendrov\u0117 \u201eGenlinsta\u201c per\u0117m\u0117 vamzdyn\u0173 montavimo veikl\u0105, o I\u012e \u201eV.Genio firma\u201c, pervadinta \u012f UAB\u201cGirsas\u201c, u\u017esiima \u201eGIRPI\u201c pramoninio vamzdyno ir \u201eNicoll\u201c buitin\u0117s santechnikos prekyba.[\/vc_column_text][\/vc_column][\/vc_row][vc_row][vc_column width=\u201c1\/3&#8243;][vc_single_image image=\u201c2358&#8243; img_size=\u201clarge\u201c alignment=\u201ccenter\u201c style=\u201cvc_box_border\u201c onclick=\u201clink_image\u201c css_animation=\u201cfadeIn\u201c][\/vc_column][vc_column width=\u201c1\/3&#8243;][vc_single_image image=\u201c2357&#8243; img_size=\u201clarge\u201c alignment=\u201ccenter\u201c style=\u201cvc_box_border\u201c onclick=\u201clink_image\u201c css_animation=\u201cfadeIn\u201c][\/vc_column][vc_column width=\u201c1\/3&#8243;][vc_single_image image=\u201c2359&#8243; img_size=\u201clarge\u201c alignment=\u201ccenter\u201c style=\u201cvc_box_border\u201c onclick=\u201clink_image\u201c css_animation=\u201cfadeIn\u201c][\/vc_column][\/vc_row]<\/p>\n<\/div>","protected":false},"excerpt":{"rendered":"<p>[vc_row][vc_column][vc_column_text]1999 metais \u012fsteigta individuali \u012fmon\u0117 \u201eV.Genio firma\u201c kaip Pranc\u016bzijos vamzd\u017ei\u0173 gamintojo \u201eGIRPI\u201c atstovas Baltijos \u0161alims. \u201eV.Genio firma\u201c prekiavo ir montavo \u201eGIRPI\u201c vamzdynus suspaustam orui, kar\u0161tam ir<span class=\"excerpt-hellip\"> [\u2026]<\/span><\/p>\n","protected":false},"author":1,"featured_media":0,"parent":0,"menu_order":0,"comment_status":"closed","ping_status":"closed","template":"","meta":[],"_links":{"self":[{"href":"http:\/\/www.marykas.lt\/girsas\/wp-json\/wp\/v2\/pages\/13"}],"collection":[{"href":"http:\/\/www.marykas.lt\/girsas\/wp-json\/wp\/v2\/pages"}],"about":[{"href":"http:\/\/www.marykas.lt\/girsas\/wp-json\/wp\/v2\/types\/page"}],"author":[{"embeddable":true,"href":"http:\/\/www.marykas.lt\/girsas\/wp-json\/wp\/v2\/users\/1"}],"replies":[{"embeddable":true,"href":"http:\/\/www.marykas.lt\/girsas\/wp-json\/wp\/v2\/comments?post=13"}],"version-history":[{"count":12,"href":"http:\/\/www.marykas.lt\/girsas\/wp-json\/wp\/v2\/pages\/13\/revisions"}],"predecessor-version":[{"id":2389,"href":"http:\/\/www.marykas.lt\/girsas\/wp-json\/wp\/v2\/pages\/13\/revisions\/2389"}],"wp:attachment":[{"href":"http:\/\/www.marykas.lt\/girsas\/wp-json\/wp\/v2\/media?parent=13"}],"curies":[{"name":"wp","href":"https:\/\/api.w.org\/{rel}","templated":true}]}}